{"id":16382,"date":"2024-05-22T07:46:14","date_gmt":"2024-05-22T07:46:14","guid":{"rendered":"https:\/\/mauly-tours.com\/tourisme-durable\/"},"modified":"2026-05-05T08:06:04","modified_gmt":"2026-05-05T08:06:04","slug":"tourisme-durable","status":"publish","type":"page","link":"https:\/\/mauly-tours.com\/fr\/tourisme-durable\/","title":{"rendered":"Tourisme durable"},"content":{"rendered":"","protected":false},"excerpt":{"rendered":"","protected":false},"author":1,"featured_media":16381,"parent":0,"menu_order":0,"comment_status":"closed","ping_status":"closed","template":"","meta":{"_acf_changed":false,"content-type":"","footnotes":""},"class_list":["post-16382","page","type-page","status-publish","has-post-thumbnail","hentry"],"acf":[],"yoast_head":"<!-- This site is optimized with the Yoast SEO plugin v27.5 - https:\/\/yoast.com\/product\/yoast-seo-wordpress\/ -->\n<title>Tourisme durable avec Mauly Tours - Protection du patrimoine naturel de l&#039;Afrique de l&#039;Est<\/title>\n<meta name=\"description\" content=\"D\u00e9couvrez comment Mauly Tours s&#039;engage dans des pratiques de tourisme durable qui prot\u00e8gent le patrimoine naturel de l&#039;Afrique de l&#039;Est, soutiennent les communaut\u00e9s locales...\" \/>\n<meta name=\"robots\" content=\"index, follow, max-snippet:-1, max-image-preview:large, max-video-preview:-1\" \/>\n<link rel=\"canonical\" href=\"https:\/\/mauly-tours.com\/fr\/tourisme-durable\/\" \/>\n<meta property=\"og:locale\" content=\"fr_FR\" \/>\n<meta property=\"og:type\" content=\"article\" \/>\n<meta property=\"og:title\" content=\"Tourisme durable avec Mauly Tours - Protection du patrimoine naturel de l&#039;Afrique de l&#039;Est\" \/>\n<meta property=\"og:description\" content=\"D\u00e9couvrez comment Mauly Tours s&#039;engage dans des pratiques de tourisme durable qui prot\u00e8gent le patrimoine naturel de l&#039;Afrique de l&#039;Est, soutiennent les communaut\u00e9s locales...\" \/>\n<meta property=\"og:url\" content=\"https:\/\/mauly-tours.com\/fr\/tourisme-durable\/\" \/>\n<meta property=\"og:site_name\" content=\"Mauly Tours\" \/>\n<meta property=\"article:modified_time\" content=\"2026-05-05T08:06:04+00:00\" \/>\n<meta property=\"og:image\" content=\"https:\/\/mauly-tours.com\/wp-content\/uploads\/2026\/03\/giraffe.webp\" \/>\n\t<meta property=\"og:image:width\" content=\"1749\" \/>\n\t<meta property=\"og:image:height\" content=\"980\" \/>\n\t<meta property=\"og:image:type\" content=\"image\/webp\" \/>\n<meta name=\"twitter:card\" content=\"summary_large_image\" \/>\n<script type=\"application\/ld+json\" class=\"yoast-schema-graph\">{\"@context\":\"https:\\\/\\\/schema.org\",\"@graph\":[{\"@type\":\"WebPage\",\"@id\":\"https:\\\/\\\/mauly-tours.com\\\/fr\\\/tourisme-durable\\\/\",\"url\":\"https:\\\/\\\/mauly-tours.com\\\/fr\\\/tourisme-durable\\\/\",\"name\":\"Tourisme durable avec Mauly Tours - Protection du patrimoine naturel de l'Afrique de l'Est\",\"isPartOf\":{\"@id\":\"https:\\\/\\\/mauly-tours.com\\\/fr\\\/#website\"},\"primaryImageOfPage\":{\"@id\":\"https:\\\/\\\/mauly-tours.com\\\/fr\\\/tourisme-durable\\\/#primaryimage\"},\"image\":{\"@id\":\"https:\\\/\\\/mauly-tours.com\\\/fr\\\/tourisme-durable\\\/#primaryimage\"},\"thumbnailUrl\":\"https:\\\/\\\/mauly-tours.com\\\/wp-content\\\/uploads\\\/2026\\\/03\\\/giraffe.webp\",\"datePublished\":\"2024-05-22T07:46:14+00:00\",\"dateModified\":\"2026-05-05T08:06:04+00:00\",\"description\":\"D\u00e9couvrez comment Mauly Tours s'engage dans des pratiques de tourisme durable qui prot\u00e8gent le patrimoine naturel de l'Afrique de l'Est, soutiennent les communaut\u00e9s locales...\",\"breadcrumb\":{\"@id\":\"https:\\\/\\\/mauly-tours.com\\\/fr\\\/tourisme-durable\\\/#breadcrumb\"},\"inLanguage\":\"fr-FR\",\"potentialAction\":[{\"@type\":\"ReadAction\",\"target\":[\"https:\\\/\\\/mauly-tours.com\\\/fr\\\/tourisme-durable\\\/\"]}]},{\"@type\":\"ImageObject\",\"inLanguage\":\"fr-FR\",\"@id\":\"https:\\\/\\\/mauly-tours.com\\\/fr\\\/tourisme-durable\\\/#primaryimage\",\"url\":\"https:\\\/\\\/mauly-tours.com\\\/wp-content\\\/uploads\\\/2026\\\/03\\\/giraffe.webp\",\"contentUrl\":\"https:\\\/\\\/mauly-tours.com\\\/wp-content\\\/uploads\\\/2026\\\/03\\\/giraffe.webp\",\"width\":1749,\"height\":980},{\"@type\":\"BreadcrumbList\",\"@id\":\"https:\\\/\\\/mauly-tours.com\\\/fr\\\/tourisme-durable\\\/#breadcrumb\",\"itemListElement\":[{\"@type\":\"ListItem\",\"position\":1,\"name\":\"Home\",\"item\":\"https:\\\/\\\/mauly-tours.com\\\/fr\\\/safaris-de-luxe-et-aventures-a-travers-lafrique\\\/\"},{\"@type\":\"ListItem\",\"position\":2,\"name\":\"Tourisme durable\"}]},{\"@type\":\"WebSite\",\"@id\":\"https:\\\/\\\/mauly-tours.com\\\/fr\\\/#website\",\"url\":\"https:\\\/\\\/mauly-tours.com\\\/fr\\\/\",\"name\":\"Mauly Tours\",\"description\":\"Be The Explorer\",\"potentialAction\":[{\"@type\":\"SearchAction\",\"target\":{\"@type\":\"EntryPoint\",\"urlTemplate\":\"https:\\\/\\\/mauly-tours.com\\\/fr\\\/?s={search_term_string}\"},\"query-input\":{\"@type\":\"PropertyValueSpecification\",\"valueRequired\":true,\"valueName\":\"search_term_string\"}}],\"inLanguage\":\"fr-FR\"}]}<\/script>\n<!-- \/ Yoast SEO plugin. -->","yoast_head_json":{"title":"Tourisme durable avec Mauly Tours - Protection du patrimoine naturel de l'Afrique de l'Est","description":"D\u00e9couvrez comment Mauly Tours s'engage dans des pratiques de tourisme durable qui prot\u00e8gent le patrimoine naturel de l'Afrique de l'Est, soutiennent les communaut\u00e9s locales...","robots":{"index":"index","follow":"follow","max-snippet":"max-snippet:-1","max-image-preview":"max-image-preview:large","max-video-preview":"max-video-preview:-1"},"canonical":"https:\/\/mauly-tours.com\/fr\/tourisme-durable\/","og_locale":"fr_FR","og_type":"article","og_title":"Tourisme durable avec Mauly Tours - Protection du patrimoine naturel de l'Afrique de l'Est","og_description":"D\u00e9couvrez comment Mauly Tours s'engage dans des pratiques de tourisme durable qui prot\u00e8gent le patrimoine naturel de l'Afrique de l'Est, soutiennent les communaut\u00e9s locales...","og_url":"https:\/\/mauly-tours.com\/fr\/tourisme-durable\/","og_site_name":"Mauly Tours","article_modified_time":"2026-05-05T08:06:04+00:00","og_image":[{"width":1749,"height":980,"url":"https:\/\/mauly-tours.com\/wp-content\/uploads\/2026\/03\/giraffe.webp","type":"image\/webp"}],"twitter_card":"summary_large_image","schema":{"@context":"https:\/\/schema.org","@graph":[{"@type":"WebPage","@id":"https:\/\/mauly-tours.com\/fr\/tourisme-durable\/","url":"https:\/\/mauly-tours.com\/fr\/tourisme-durable\/","name":"Tourisme durable avec Mauly Tours - Protection du patrimoine naturel de l'Afrique de l'Est","isPartOf":{"@id":"https:\/\/mauly-tours.com\/fr\/#website"},"primaryImageOfPage":{"@id":"https:\/\/mauly-tours.com\/fr\/tourisme-durable\/#primaryimage"},"image":{"@id":"https:\/\/mauly-tours.com\/fr\/tourisme-durable\/#primaryimage"},"thumbnailUrl":"https:\/\/mauly-tours.com\/wp-content\/uploads\/2026\/03\/giraffe.webp","datePublished":"2024-05-22T07:46:14+00:00","dateModified":"2026-05-05T08:06:04+00:00","description":"D\u00e9couvrez comment Mauly Tours s'engage dans des pratiques de tourisme durable qui prot\u00e8gent le patrimoine naturel de l'Afrique de l'Est, soutiennent les communaut\u00e9s locales...","breadcrumb":{"@id":"https:\/\/mauly-tours.com\/fr\/tourisme-durable\/#breadcrumb"},"inLanguage":"fr-FR","potentialAction":[{"@type":"ReadAction","target":["https:\/\/mauly-tours.com\/fr\/tourisme-durable\/"]}]},{"@type":"ImageObject","inLanguage":"fr-FR","@id":"https:\/\/mauly-tours.com\/fr\/tourisme-durable\/#primaryimage","url":"https:\/\/mauly-tours.com\/wp-content\/uploads\/2026\/03\/giraffe.webp","contentUrl":"https:\/\/mauly-tours.com\/wp-content\/uploads\/2026\/03\/giraffe.webp","width":1749,"height":980},{"@type":"BreadcrumbList","@id":"https:\/\/mauly-tours.com\/fr\/tourisme-durable\/#breadcrumb","itemListElement":[{"@type":"ListItem","position":1,"name":"Home","item":"https:\/\/mauly-tours.com\/fr\/safaris-de-luxe-et-aventures-a-travers-lafrique\/"},{"@type":"ListItem","position":2,"name":"Tourisme durable"}]},{"@type":"WebSite","@id":"https:\/\/mauly-tours.com\/fr\/#website","url":"https:\/\/mauly-tours.com\/fr\/","name":"Mauly Tours","description":"Be The Explorer","potentialAction":[{"@type":"SearchAction","target":{"@type":"EntryPoint","urlTemplate":"https:\/\/mauly-tours.com\/fr\/?s={search_term_string}"},"query-input":{"@type":"PropertyValueSpecification","valueRequired":true,"valueName":"search_term_string"}}],"inLanguage":"fr-FR"}]}},"_links":{"self":[{"href":"https:\/\/mauly-tours.com\/fr\/wp-json\/wp\/v2\/pages\/16382","targetHints":{"allow":["GET"]}}],"collection":[{"href":"https:\/\/mauly-tours.com\/fr\/wp-json\/wp\/v2\/pages"}],"about":[{"href":"https:\/\/mauly-tours.com\/fr\/wp-json\/wp\/v2\/types\/page"}],"author":[{"embeddable":true,"href":"https:\/\/mauly-tours.com\/fr\/wp-json\/wp\/v2\/users\/1"}],"replies":[{"embeddable":true,"href":"https:\/\/mauly-tours.com\/fr\/wp-json\/wp\/v2\/comments?post=16382"}],"version-history":[{"count":1,"href":"https:\/\/mauly-tours.com\/fr\/wp-json\/wp\/v2\/pages\/16382\/revisions"}],"predecessor-version":[{"id":16389,"href":"https:\/\/mauly-tours.com\/fr\/wp-json\/wp\/v2\/pages\/16382\/revisions\/16389"}],"wp:featuredmedia":[{"embeddable":true,"href":"https:\/\/mauly-tours.com\/fr\/wp-json\/wp\/v2\/media\/16381"}],"wp:attachment":[{"href":"https:\/\/mauly-tours.com\/fr\/wp-json\/wp\/v2\/media?parent=16382"}],"curies":[{"name":"wp","href":"https:\/\/api.w.org\/{rel}","templated":true}]}}