{"id":16125,"date":"2024-05-28T10:56:21","date_gmt":"2024-05-28T10:56:21","guid":{"rendered":"https:\/\/mauly-tours.com\/acerca-de-mauly-tours-41-anos-de-excelencia-en-safaris-en-tanzania\/"},"modified":"2026-03-30T05:20:32","modified_gmt":"2026-03-30T05:20:32","slug":"acerca-de-mauly-tours-41-anos-de-excelencia-en-safaris-en-tanzania","status":"publish","type":"page","link":"https:\/\/mauly-tours.com\/es\/acerca-de-mauly-tours-41-anos-de-excelencia-en-safaris-en-tanzania\/","title":{"rendered":"Acerca de Mauly Tours | 41 a\u00f1os de excelencia en safaris en Tanzania"},"content":{"rendered":"","protected":false},"excerpt":{"rendered":"","protected":false},"author":1,"featured_media":0,"parent":0,"menu_order":0,"comment_status":"closed","ping_status":"closed","template":"","meta":{"_acf_changed":false,"content-type":"","footnotes":""},"class_list":["post-16125","page","type-page","status-publish","hentry"],"acf":[],"yoast_head":"<!-- This site is optimized with the Yoast SEO plugin v27.3 - https:\/\/yoast.com\/product\/yoast-seo-wordpress\/ -->\n<title>Acerca de Mauly Tours | Expertos en safaris en Tanzania con m\u00e1s de 40 a\u00f1os<\/title>\n<meta name=\"description\" content=\"Descubra Mauly Tours, el operador de safaris de confianza de Tanzania desde 1983. M\u00e1s de 40 a\u00f1os de experiencia dise\u00f1ando safaris de lujo y ascensiones al Kilimanjaro.\" \/>\n<meta name=\"robots\" content=\"index, follow, max-snippet:-1, max-image-preview:large, max-video-preview:-1\" \/>\n<link rel=\"canonical\" href=\"https:\/\/mauly-tours.com\/es\/acerca-de-mauly-tours-41-anos-de-excelencia-en-safaris-en-tanzania\/\" \/>\n<meta property=\"og:locale\" content=\"es_ES\" \/>\n<meta property=\"og:type\" content=\"article\" \/>\n<meta property=\"og:title\" content=\"Acerca de Mauly Tours | Expertos en safaris en Tanzania con m\u00e1s de 40 a\u00f1os\" \/>\n<meta property=\"og:description\" content=\"Descubra Mauly Tours, el operador de safaris de confianza de Tanzania desde 1983. M\u00e1s de 40 a\u00f1os de experiencia dise\u00f1ando safaris de lujo y ascensiones al Kilimanjaro.\" \/>\n<meta property=\"og:url\" content=\"https:\/\/mauly-tours.com\/es\/acerca-de-mauly-tours-41-anos-de-excelencia-en-safaris-en-tanzania\/\" \/>\n<meta property=\"og:site_name\" content=\"Mauly Tours\" \/>\n<meta property=\"article:modified_time\" content=\"2026-03-30T05:20:32+00:00\" \/>\n<meta name=\"twitter:card\" content=\"summary_large_image\" \/>\n<script type=\"application\/ld+json\" class=\"yoast-schema-graph\">{\"@context\":\"https:\\\/\\\/schema.org\",\"@graph\":[{\"@type\":\"WebPage\",\"@id\":\"https:\\\/\\\/mauly-tours.com\\\/es\\\/acerca-de-mauly-tours-41-anos-de-excelencia-en-safaris-en-tanzania\\\/\",\"url\":\"https:\\\/\\\/mauly-tours.com\\\/es\\\/acerca-de-mauly-tours-41-anos-de-excelencia-en-safaris-en-tanzania\\\/\",\"name\":\"Acerca de Mauly Tours | Expertos en safaris en Tanzania con m\u00e1s de 40 a\u00f1os\",\"isPartOf\":{\"@id\":\"https:\\\/\\\/mauly-tours.com\\\/es\\\/#website\"},\"datePublished\":\"2024-05-28T10:56:21+00:00\",\"dateModified\":\"2026-03-30T05:20:32+00:00\",\"description\":\"Descubra Mauly Tours, el operador de safaris de confianza de Tanzania desde 1983. M\u00e1s de 40 a\u00f1os de experiencia dise\u00f1ando safaris de lujo y ascensiones al Kilimanjaro.\",\"breadcrumb\":{\"@id\":\"https:\\\/\\\/mauly-tours.com\\\/es\\\/acerca-de-mauly-tours-41-anos-de-excelencia-en-safaris-en-tanzania\\\/#breadcrumb\"},\"inLanguage\":\"es\",\"potentialAction\":[{\"@type\":\"ReadAction\",\"target\":[\"https:\\\/\\\/mauly-tours.com\\\/es\\\/acerca-de-mauly-tours-41-anos-de-excelencia-en-safaris-en-tanzania\\\/\"]}]},{\"@type\":\"BreadcrumbList\",\"@id\":\"https:\\\/\\\/mauly-tours.com\\\/es\\\/acerca-de-mauly-tours-41-anos-de-excelencia-en-safaris-en-tanzania\\\/#breadcrumb\",\"itemListElement\":[{\"@type\":\"ListItem\",\"position\":1,\"name\":\"Home\",\"item\":\"https:\\\/\\\/mauly-tours.com\\\/es\\\/?page_id=16121\"},{\"@type\":\"ListItem\",\"position\":2,\"name\":\"Acerca de Mauly Tours | 41 a\u00f1os de excelencia en safaris en Tanzania\"}]},{\"@type\":\"WebSite\",\"@id\":\"https:\\\/\\\/mauly-tours.com\\\/es\\\/#website\",\"url\":\"https:\\\/\\\/mauly-tours.com\\\/es\\\/\",\"name\":\"Mauly Tours\",\"description\":\"Be The Explorer\",\"potentialAction\":[{\"@type\":\"SearchAction\",\"target\":{\"@type\":\"EntryPoint\",\"urlTemplate\":\"https:\\\/\\\/mauly-tours.com\\\/es\\\/?s={search_term_string}\"},\"query-input\":{\"@type\":\"PropertyValueSpecification\",\"valueRequired\":true,\"valueName\":\"search_term_string\"}}],\"inLanguage\":\"es\"}]}<\/script>\n<!-- \/ Yoast SEO plugin. -->","yoast_head_json":{"title":"Acerca de Mauly Tours | Expertos en safaris en Tanzania con m\u00e1s de 40 a\u00f1os","description":"Descubra Mauly Tours, el operador de safaris de confianza de Tanzania desde 1983. M\u00e1s de 40 a\u00f1os de experiencia dise\u00f1ando safaris de lujo y ascensiones al Kilimanjaro.","robots":{"index":"index","follow":"follow","max-snippet":"max-snippet:-1","max-image-preview":"max-image-preview:large","max-video-preview":"max-video-preview:-1"},"canonical":"https:\/\/mauly-tours.com\/es\/acerca-de-mauly-tours-41-anos-de-excelencia-en-safaris-en-tanzania\/","og_locale":"es_ES","og_type":"article","og_title":"Acerca de Mauly Tours | Expertos en safaris en Tanzania con m\u00e1s de 40 a\u00f1os","og_description":"Descubra Mauly Tours, el operador de safaris de confianza de Tanzania desde 1983. M\u00e1s de 40 a\u00f1os de experiencia dise\u00f1ando safaris de lujo y ascensiones al Kilimanjaro.","og_url":"https:\/\/mauly-tours.com\/es\/acerca-de-mauly-tours-41-anos-de-excelencia-en-safaris-en-tanzania\/","og_site_name":"Mauly Tours","article_modified_time":"2026-03-30T05:20:32+00:00","twitter_card":"summary_large_image","schema":{"@context":"https:\/\/schema.org","@graph":[{"@type":"WebPage","@id":"https:\/\/mauly-tours.com\/es\/acerca-de-mauly-tours-41-anos-de-excelencia-en-safaris-en-tanzania\/","url":"https:\/\/mauly-tours.com\/es\/acerca-de-mauly-tours-41-anos-de-excelencia-en-safaris-en-tanzania\/","name":"Acerca de Mauly Tours | Expertos en safaris en Tanzania con m\u00e1s de 40 a\u00f1os","isPartOf":{"@id":"https:\/\/mauly-tours.com\/es\/#website"},"datePublished":"2024-05-28T10:56:21+00:00","dateModified":"2026-03-30T05:20:32+00:00","description":"Descubra Mauly Tours, el operador de safaris de confianza de Tanzania desde 1983. M\u00e1s de 40 a\u00f1os de experiencia dise\u00f1ando safaris de lujo y ascensiones al Kilimanjaro.","breadcrumb":{"@id":"https:\/\/mauly-tours.com\/es\/acerca-de-mauly-tours-41-anos-de-excelencia-en-safaris-en-tanzania\/#breadcrumb"},"inLanguage":"es","potentialAction":[{"@type":"ReadAction","target":["https:\/\/mauly-tours.com\/es\/acerca-de-mauly-tours-41-anos-de-excelencia-en-safaris-en-tanzania\/"]}]},{"@type":"BreadcrumbList","@id":"https:\/\/mauly-tours.com\/es\/acerca-de-mauly-tours-41-anos-de-excelencia-en-safaris-en-tanzania\/#breadcrumb","itemListElement":[{"@type":"ListItem","position":1,"name":"Home","item":"https:\/\/mauly-tours.com\/es\/?page_id=16121"},{"@type":"ListItem","position":2,"name":"Acerca de Mauly Tours | 41 a\u00f1os de excelencia en safaris en Tanzania"}]},{"@type":"WebSite","@id":"https:\/\/mauly-tours.com\/es\/#website","url":"https:\/\/mauly-tours.com\/es\/","name":"Mauly Tours","description":"Be The Explorer","potentialAction":[{"@type":"SearchAction","target":{"@type":"EntryPoint","urlTemplate":"https:\/\/mauly-tours.com\/es\/?s={search_term_string}"},"query-input":{"@type":"PropertyValueSpecification","valueRequired":true,"valueName":"search_term_string"}}],"inLanguage":"es"}]}},"_links":{"self":[{"href":"https:\/\/mauly-tours.com\/es\/wp-json\/wp\/v2\/pages\/16125","targetHints":{"allow":["GET"]}}],"collection":[{"href":"https:\/\/mauly-tours.com\/es\/wp-json\/wp\/v2\/pages"}],"about":[{"href":"https:\/\/mauly-tours.com\/es\/wp-json\/wp\/v2\/types\/page"}],"author":[{"embeddable":true,"href":"https:\/\/mauly-tours.com\/es\/wp-json\/wp\/v2\/users\/1"}],"replies":[{"embeddable":true,"href":"https:\/\/mauly-tours.com\/es\/wp-json\/wp\/v2\/comments?post=16125"}],"version-history":[{"count":1,"href":"https:\/\/mauly-tours.com\/es\/wp-json\/wp\/v2\/pages\/16125\/revisions"}],"predecessor-version":[{"id":16138,"href":"https:\/\/mauly-tours.com\/es\/wp-json\/wp\/v2\/pages\/16125\/revisions\/16138"}],"wp:attachment":[{"href":"https:\/\/mauly-tours.com\/es\/wp-json\/wp\/v2\/media?parent=16125"}],"curies":[{"name":"wp","href":"https:\/\/api.w.org\/{rel}","templated":true}]}}